{"id":27265,"date":"2025-05-08T08:54:45","date_gmt":"2025-05-08T08:54:45","guid":{"rendered":"https:\/\/b2b.digih.pt\/?page_id=27265"},"modified":"2025-08-13T07:55:20","modified_gmt":"2025-08-13T07:55:20","slug":"folhas","status":"publish","type":"page","link":"https:\/\/equalfood.biz\/en\/folhas\/","title":{"rendered":"Leafs"},"content":{"rendered":"<div data-elementor-type=\"wp-page\" data-elementor-id=\"27265\" class=\"elementor elementor-27265\">\n\t\t\t\t\t\t<section class=\"elementor-section elementor-top-section elementor-element elementor-element-1a97666 elementor-section-boxed elementor-section-height-default elementor-section-height-default sc_fly_static\" data-id=\"1a97666\" data-element_type=\"section\" data-e-type=\"section\">\n\t\t\t\t\t\t<div class=\"elementor-container elementor-column-gap-extended\">\n\t\t\t\t\t<div class=\"elementor-column elementor-col-100 elementor-top-column elementor-element elementor-element-d8e336a sc_content_align_inherit sc_layouts_column_icons_position_left sc_fly_static\" data-id=\"d8e336a\" data-element_type=\"column\" data-e-type=\"column\">\n\t\t\t<div class=\"elementor-widget-wrap elementor-element-populated\">\n\t\t\t\t\t\t<div class=\"elementor-element elementor-element-2c67947 sc_fly_static elementor-widget elementor-widget-NameFilterableGallery\" data-id=\"2c67947\" data-element_type=\"widget\" data-e-type=\"widget\" data-widget_type=\"NameFilterableGallery.default\">\n\t\t\t\t<div class=\"elementor-widget-container\">\n\t\t\t\t\t\t\t\t<div class=\"bwdfg-gallery-filtering-one bwdfg-gallery-filtering-common\">\n\t\t\t\t<div class=\"container\">\n\t\t\t\t\t<div class=\"row\">\n\t\t\t\t\t\t<div class=\"col-xl-12\">\n\t\t\t\t\t\t\t<div class=\"bwdfg-gallery-menu pb-40 bwdfg-my-commonsk-class\" style=\"text-align: right;\">\n\t\t\t\t\t\t\t\t\t\t\t\t\t\t<\/div>\n\t\t\t\t\t\t<\/div>\n\t\t\t\t\t<\/div>\n\t\t\t\t\t<div class=\"row bwdfg-grid bwdfg-grid-common\">\n\t\t\t\t\t\t<div class=\"col-xl-3 col-lg-3 col-md-4 col-sm-6 bwdfg-grid-item bwdfg-img-galleryItem-active  folhas elementor-repeater-image-19fd4b8\">\t\t\t\t\t\t\t<div class=\"bwdfg-gallery-wrapper mb-30\">\n\t\t\t\t\t\t\t\t<div class=\"bwdfg-gallery-thumb\">\n\t\t\t\t\t\t\t\t\t<a href=\"https:\/\/equalfood.biz\/wp-content\/uploads\/2025\/08\/salada-iberica-equalfood-1.png\"><img decoding=\"async\" src=\"https:\/\/equalfood.biz\/wp-content\/uploads\/2025\/08\/salada-iberica-equalfood-1.png\" alt=\"Image Empty\" loading=\"lazy\"><\/a>\n\t\t\t\t\t\t\t\t<\/div>\n\t\t\t\t\t\t\t\t<div class=\"bwdfg-content-box bwdfg-gallery-item-overlayb\">\n\t\t\t\t\t\t\t\t\t<div class=\"bwdfg-content\">\n\t\t\t\t\t\t\t\t\t\t<a href=\"https:\/\/equalfood.biz\/wp-content\/uploads\/2025\/08\/salada-iberica-equalfood-1.png\" class=\"bwdfg-popup-image\">\n\t\t\t\t\t\t\t\t\t\t\t<div class=\"bwdfg-filter-heading bwdfg-filter-img-title\">Salada Ib\u00e9rica<\/div>\n\t\t\t\t\t\t\t\t\t\t<\/a>\n\t\t\t\t\t\t\t\t\t<\/div>\n\t\t\t\t\t\t\t\t<\/div>\n\t\t\t\t\t\t\t<\/div>\n\t\t\t\t\t\t<\/div>\n\t\t\t\t\t\t<div class=\"col-xl-3 col-lg-3 col-md-4 col-sm-6 bwdfg-grid-item bwdfg-img-galleryItem-active  folhas elementor-repeater-image-5c7ed2e\">\t\t\t\t\t\t\t<div class=\"bwdfg-gallery-wrapper mb-30\">\n\t\t\t\t\t\t\t\t<div class=\"bwdfg-gallery-thumb\">\n\t\t\t\t\t\t\t\t\t<a href=\"https:\/\/equalfood.biz\/wp-content\/uploads\/2025\/05\/folhas-equalfood-b2b-8.png\"><img decoding=\"async\" src=\"https:\/\/equalfood.biz\/wp-content\/uploads\/2025\/05\/folhas-equalfood-b2b-8.png\" alt=\"Image Empty\" loading=\"lazy\"><\/a>\n\t\t\t\t\t\t\t\t<\/div>\n\t\t\t\t\t\t\t\t<div class=\"bwdfg-content-box bwdfg-gallery-item-overlayb\">\n\t\t\t\t\t\t\t\t\t<div class=\"bwdfg-content\">\n\t\t\t\t\t\t\t\t\t\t<a href=\"https:\/\/equalfood.biz\/wp-content\/uploads\/2025\/05\/folhas-equalfood-b2b-8.png\" class=\"bwdfg-popup-image\">\n\t\t\t\t\t\t\t\t\t\t\t<div class=\"bwdfg-filter-heading bwdfg-filter-img-title\">Coentros<\/div>\n\t\t\t\t\t\t\t\t\t\t<\/a>\n\t\t\t\t\t\t\t\t\t<\/div>\n\t\t\t\t\t\t\t\t<\/div>\n\t\t\t\t\t\t\t<\/div>\n\t\t\t\t\t\t<\/div>\n\t\t\t\t\t\t<div class=\"col-xl-3 col-lg-3 col-md-4 col-sm-6 bwdfg-grid-item bwdfg-img-galleryItem-active  folhas elementor-repeater-image-6923ae9\">\t\t\t\t\t\t\t<div class=\"bwdfg-gallery-wrapper mb-30\">\n\t\t\t\t\t\t\t\t<div class=\"bwdfg-gallery-thumb\">\n\t\t\t\t\t\t\t\t\t<a href=\"https:\/\/equalfood.biz\/wp-content\/uploads\/2025\/05\/folhas-equalfood-b2b-7.png\"><img decoding=\"async\" src=\"https:\/\/equalfood.biz\/wp-content\/uploads\/2025\/05\/folhas-equalfood-b2b-7.png\" alt=\"Image Empty\" loading=\"lazy\"><\/a>\n\t\t\t\t\t\t\t\t<\/div>\n\t\t\t\t\t\t\t\t<div class=\"bwdfg-content-box bwdfg-gallery-item-overlayb\">\n\t\t\t\t\t\t\t\t\t<div class=\"bwdfg-content\">\n\t\t\t\t\t\t\t\t\t\t<a href=\"https:\/\/equalfood.biz\/wp-content\/uploads\/2025\/05\/folhas-equalfood-b2b-7.png\" class=\"bwdfg-popup-image\">\n\t\t\t\t\t\t\t\t\t\t\t<div class=\"bwdfg-filter-heading bwdfg-filter-img-title\">R\u00facula<\/div>\n\t\t\t\t\t\t\t\t\t\t<\/a>\n\t\t\t\t\t\t\t\t\t<\/div>\n\t\t\t\t\t\t\t\t<\/div>\n\t\t\t\t\t\t\t<\/div>\n\t\t\t\t\t\t<\/div>\n\t\t\t\t\t\t<div class=\"col-xl-3 col-lg-3 col-md-4 col-sm-6 bwdfg-grid-item bwdfg-img-galleryItem-active  folhas elementor-repeater-image-4f8e4af\">\t\t\t\t\t\t\t<div class=\"bwdfg-gallery-wrapper mb-30\">\n\t\t\t\t\t\t\t\t<div class=\"bwdfg-gallery-thumb\">\n\t\t\t\t\t\t\t\t\t<a href=\"https:\/\/equalfood.biz\/wp-content\/uploads\/2025\/05\/folhas-equalfood-b2b-10.png\"><img decoding=\"async\" src=\"https:\/\/equalfood.biz\/wp-content\/uploads\/2025\/05\/folhas-equalfood-b2b-10.png\" alt=\"Image Empty\" loading=\"lazy\"><\/a>\n\t\t\t\t\t\t\t\t<\/div>\n\t\t\t\t\t\t\t\t<div class=\"bwdfg-content-box bwdfg-gallery-item-overlayb\">\n\t\t\t\t\t\t\t\t\t<div class=\"bwdfg-content\">\n\t\t\t\t\t\t\t\t\t\t<a href=\"https:\/\/equalfood.biz\/wp-content\/uploads\/2025\/05\/folhas-equalfood-b2b-10.png\" class=\"bwdfg-popup-image\">\n\t\t\t\t\t\t\t\t\t\t\t<div class=\"bwdfg-filter-heading bwdfg-filter-img-title\">Aneto<\/div>\n\t\t\t\t\t\t\t\t\t\t<\/a>\n\t\t\t\t\t\t\t\t\t<\/div>\n\t\t\t\t\t\t\t\t<\/div>\n\t\t\t\t\t\t\t<\/div>\n\t\t\t\t\t\t<\/div>\n\t\t\t\t\t\t<div class=\"col-xl-3 col-lg-3 col-md-4 col-sm-6 bwdfg-grid-item bwdfg-img-galleryItem-active  folhas elementor-repeater-image-a043aef\">\t\t\t\t\t\t\t<div class=\"bwdfg-gallery-wrapper mb-30\">\n\t\t\t\t\t\t\t\t<div class=\"bwdfg-gallery-thumb\">\n\t\t\t\t\t\t\t\t\t<a href=\"https:\/\/equalfood.biz\/wp-content\/uploads\/2025\/05\/folhas-equalfood-b2b-11.png\"><img decoding=\"async\" src=\"https:\/\/equalfood.biz\/wp-content\/uploads\/2025\/05\/folhas-equalfood-b2b-11.png\" alt=\"Image Empty\" loading=\"lazy\"><\/a>\n\t\t\t\t\t\t\t\t<\/div>\n\t\t\t\t\t\t\t\t<div class=\"bwdfg-content-box bwdfg-gallery-item-overlayb\">\n\t\t\t\t\t\t\t\t\t<div class=\"bwdfg-content\">\n\t\t\t\t\t\t\t\t\t\t<a href=\"https:\/\/equalfood.biz\/wp-content\/uploads\/2025\/05\/folhas-equalfood-b2b-11.png\" class=\"bwdfg-popup-image\">\n\t\t\t\t\t\t\t\t\t\t\t<div class=\"bwdfg-filter-heading bwdfg-filter-img-title\">Cebolinho<\/div>\n\t\t\t\t\t\t\t\t\t\t<\/a>\n\t\t\t\t\t\t\t\t\t<\/div>\n\t\t\t\t\t\t\t\t<\/div>\n\t\t\t\t\t\t\t<\/div>\n\t\t\t\t\t\t<\/div>\n\t\t\t\t\t\t<div class=\"col-xl-3 col-lg-3 col-md-4 col-sm-6 bwdfg-grid-item bwdfg-img-galleryItem-active  folhas elementor-repeater-image-24e2201\">\t\t\t\t\t\t\t<div class=\"bwdfg-gallery-wrapper mb-30\">\n\t\t\t\t\t\t\t\t<div class=\"bwdfg-gallery-thumb\">\n\t\t\t\t\t\t\t\t\t<a href=\"https:\/\/equalfood.biz\/wp-content\/uploads\/2025\/05\/folhas-equalfood-b2b.png\"><img decoding=\"async\" src=\"https:\/\/equalfood.biz\/wp-content\/uploads\/2025\/05\/folhas-equalfood-b2b.png\" alt=\"Image Empty\" loading=\"lazy\"><\/a>\n\t\t\t\t\t\t\t\t<\/div>\n\t\t\t\t\t\t\t\t<div class=\"bwdfg-content-box bwdfg-gallery-item-overlayb\">\n\t\t\t\t\t\t\t\t\t<div class=\"bwdfg-content\">\n\t\t\t\t\t\t\t\t\t\t<a href=\"https:\/\/equalfood.biz\/wp-content\/uploads\/2025\/05\/folhas-equalfood-b2b.png\" class=\"bwdfg-popup-image\">\n\t\t\t\t\t\t\t\t\t\t\t<div class=\"bwdfg-filter-heading bwdfg-filter-img-title\">Espinafre Baby<\/div>\n\t\t\t\t\t\t\t\t\t\t<\/a>\n\t\t\t\t\t\t\t\t\t<\/div>\n\t\t\t\t\t\t\t\t<\/div>\n\t\t\t\t\t\t\t<\/div>\n\t\t\t\t\t\t<\/div>\n\t\t\t\t\t\t<div class=\"col-xl-3 col-lg-3 col-md-4 col-sm-6 bwdfg-grid-item bwdfg-img-galleryItem-active  folhas elementor-repeater-image-effc6bb\">\t\t\t\t\t\t\t<div class=\"bwdfg-gallery-wrapper mb-30\">\n\t\t\t\t\t\t\t\t<div class=\"bwdfg-gallery-thumb\">\n\t\t\t\t\t\t\t\t\t<a href=\"https:\/\/equalfood.biz\/wp-content\/uploads\/2025\/05\/folhas-equalfood-b2b-2.png\"><img decoding=\"async\" src=\"https:\/\/equalfood.biz\/wp-content\/uploads\/2025\/05\/folhas-equalfood-b2b-2.png\" alt=\"Image Empty\" loading=\"lazy\"><\/a>\n\t\t\t\t\t\t\t\t<\/div>\n\t\t\t\t\t\t\t\t<div class=\"bwdfg-content-box bwdfg-gallery-item-overlayb\">\n\t\t\t\t\t\t\t\t\t<div class=\"bwdfg-content\">\n\t\t\t\t\t\t\t\t\t\t<a href=\"https:\/\/equalfood.biz\/wp-content\/uploads\/2025\/05\/folhas-equalfood-b2b-2.png\" class=\"bwdfg-popup-image\">\n\t\t\t\t\t\t\t\t\t\t\t<div class=\"bwdfg-filter-heading bwdfg-filter-img-title\">Alecrim<\/div>\n\t\t\t\t\t\t\t\t\t\t<\/a>\n\t\t\t\t\t\t\t\t\t<\/div>\n\t\t\t\t\t\t\t\t<\/div>\n\t\t\t\t\t\t\t<\/div>\n\t\t\t\t\t\t<\/div>\n\t\t\t\t\t\t<div class=\"col-xl-3 col-lg-3 col-md-4 col-sm-6 bwdfg-grid-item bwdfg-img-galleryItem-active  folhas elementor-repeater-image-a4365cc\">\t\t\t\t\t\t\t<div class=\"bwdfg-gallery-wrapper mb-30\">\n\t\t\t\t\t\t\t\t<div class=\"bwdfg-gallery-thumb\">\n\t\t\t\t\t\t\t\t\t<a href=\"https:\/\/equalfood.biz\/wp-content\/uploads\/2025\/05\/folhas-equalfood-b2b-3.png\"><img decoding=\"async\" src=\"https:\/\/equalfood.biz\/wp-content\/uploads\/2025\/05\/folhas-equalfood-b2b-3.png\" alt=\"Image Empty\" loading=\"lazy\"><\/a>\n\t\t\t\t\t\t\t\t<\/div>\n\t\t\t\t\t\t\t\t<div class=\"bwdfg-content-box bwdfg-gallery-item-overlayb\">\n\t\t\t\t\t\t\t\t\t<div class=\"bwdfg-content\">\n\t\t\t\t\t\t\t\t\t\t<a href=\"https:\/\/equalfood.biz\/wp-content\/uploads\/2025\/05\/folhas-equalfood-b2b-3.png\" class=\"bwdfg-popup-image\">\n\t\t\t\t\t\t\t\t\t\t\t<div class=\"bwdfg-filter-heading bwdfg-filter-img-title\">Tomilho<\/div>\n\t\t\t\t\t\t\t\t\t\t<\/a>\n\t\t\t\t\t\t\t\t\t<\/div>\n\t\t\t\t\t\t\t\t<\/div>\n\t\t\t\t\t\t\t<\/div>\n\t\t\t\t\t\t<\/div>\n\t\t\t\t\t\t<div class=\"col-xl-3 col-lg-3 col-md-4 col-sm-6 bwdfg-grid-item bwdfg-img-galleryItem-active  folhas elementor-repeater-image-d31c311\">\t\t\t\t\t\t\t<div class=\"bwdfg-gallery-wrapper mb-30\">\n\t\t\t\t\t\t\t\t<div class=\"bwdfg-gallery-thumb\">\n\t\t\t\t\t\t\t\t\t<a href=\"https:\/\/equalfood.biz\/wp-content\/uploads\/2025\/05\/folhas-equalfood-b2b-4.png\"><img decoding=\"async\" src=\"https:\/\/equalfood.biz\/wp-content\/uploads\/2025\/05\/folhas-equalfood-b2b-4.png\" alt=\"Image Empty\" loading=\"lazy\"><\/a>\n\t\t\t\t\t\t\t\t<\/div>\n\t\t\t\t\t\t\t\t<div class=\"bwdfg-content-box bwdfg-gallery-item-overlayb\">\n\t\t\t\t\t\t\t\t\t<div class=\"bwdfg-content\">\n\t\t\t\t\t\t\t\t\t\t<a href=\"https:\/\/equalfood.biz\/wp-content\/uploads\/2025\/05\/folhas-equalfood-b2b-4.png\" class=\"bwdfg-popup-image\">\n\t\t\t\t\t\t\t\t\t\t\t<div class=\"bwdfg-filter-heading bwdfg-filter-img-title\">Salsa<\/div>\n\t\t\t\t\t\t\t\t\t\t<\/a>\n\t\t\t\t\t\t\t\t\t<\/div>\n\t\t\t\t\t\t\t\t<\/div>\n\t\t\t\t\t\t\t<\/div>\n\t\t\t\t\t\t<\/div>\n\t\t\t\t\t\t<div class=\"col-xl-3 col-lg-3 col-md-4 col-sm-6 bwdfg-grid-item bwdfg-img-galleryItem-active  folhas elementor-repeater-image-6a3bc4a\">\t\t\t\t\t\t\t<div class=\"bwdfg-gallery-wrapper mb-30\">\n\t\t\t\t\t\t\t\t<div class=\"bwdfg-gallery-thumb\">\n\t\t\t\t\t\t\t\t\t<a href=\"https:\/\/equalfood.biz\/wp-content\/uploads\/2025\/05\/folhas-equalfood-b2b-5.png\"><img decoding=\"async\" src=\"https:\/\/equalfood.biz\/wp-content\/uploads\/2025\/05\/folhas-equalfood-b2b-5.png\" alt=\"Image Empty\" loading=\"lazy\"><\/a>\n\t\t\t\t\t\t\t\t<\/div>\n\t\t\t\t\t\t\t\t<div class=\"bwdfg-content-box bwdfg-gallery-item-overlayb\">\n\t\t\t\t\t\t\t\t\t<div class=\"bwdfg-content\">\n\t\t\t\t\t\t\t\t\t\t<a href=\"https:\/\/equalfood.biz\/wp-content\/uploads\/2025\/05\/folhas-equalfood-b2b-5.png\" class=\"bwdfg-popup-image\">\n\t\t\t\t\t\t\t\t\t\t\t<div class=\"bwdfg-filter-heading bwdfg-filter-img-title\">Hortel\u00e3<\/div>\n\t\t\t\t\t\t\t\t\t\t<\/a>\n\t\t\t\t\t\t\t\t\t<\/div>\n\t\t\t\t\t\t\t\t<\/div>\n\t\t\t\t\t\t\t<\/div>\n\t\t\t\t\t\t<\/div>\n\t\t\t\t\t\t<div class=\"col-xl-3 col-lg-3 col-md-4 col-sm-6 bwdfg-grid-item bwdfg-img-galleryItem-active  folhas elementor-repeater-image-9e337ba\">\t\t\t\t\t\t\t<div class=\"bwdfg-gallery-wrapper mb-30\">\n\t\t\t\t\t\t\t\t<div class=\"bwdfg-gallery-thumb\">\n\t\t\t\t\t\t\t\t\t<a href=\"https:\/\/equalfood.biz\/wp-content\/uploads\/2025\/05\/folhas-equalfood-b2b-6.png\"><img decoding=\"async\" src=\"https:\/\/equalfood.biz\/wp-content\/uploads\/2025\/05\/folhas-equalfood-b2b-6.png\" alt=\"Image Empty\" loading=\"lazy\"><\/a>\n\t\t\t\t\t\t\t\t<\/div>\n\t\t\t\t\t\t\t\t<div class=\"bwdfg-content-box bwdfg-gallery-item-overlayb\">\n\t\t\t\t\t\t\t\t\t<div class=\"bwdfg-content\">\n\t\t\t\t\t\t\t\t\t\t<a href=\"https:\/\/equalfood.biz\/wp-content\/uploads\/2025\/05\/folhas-equalfood-b2b-6.png\" class=\"bwdfg-popup-image\">\n\t\t\t\t\t\t\t\t\t\t\t<div class=\"bwdfg-filter-heading bwdfg-filter-img-title\">Manjeric\u00e3o<\/div>\n\t\t\t\t\t\t\t\t\t\t<\/a>\n\t\t\t\t\t\t\t\t\t<\/div>\n\t\t\t\t\t\t\t\t<\/div>\n\t\t\t\t\t\t\t<\/div>\n\t\t\t\t\t\t<\/div>\n\t\t\t\t\t\t<div class=\"col-xl-3 col-lg-3 col-md-4 col-sm-6 bwdfg-grid-item bwdfg-img-galleryItem-active  folhas elementor-repeater-image-d6e001c\">\t\t\t\t\t\t\t<div class=\"bwdfg-gallery-wrapper mb-30\">\n\t\t\t\t\t\t\t\t<div class=\"bwdfg-gallery-thumb\">\n\t\t\t\t\t\t\t\t\t<a href=\"https:\/\/equalfood.biz\/wp-content\/uploads\/2025\/05\/folhas-equalfood-b2b-9.png\"><img decoding=\"async\" src=\"https:\/\/equalfood.biz\/wp-content\/uploads\/2025\/05\/folhas-equalfood-b2b-9.png\" alt=\"Image Empty\" loading=\"lazy\"><\/a>\n\t\t\t\t\t\t\t\t<\/div>\n\t\t\t\t\t\t\t\t<div class=\"bwdfg-content-box bwdfg-gallery-item-overlayb\">\n\t\t\t\t\t\t\t\t\t<div class=\"bwdfg-content\">\n\t\t\t\t\t\t\t\t\t\t<a href=\"https:\/\/equalfood.biz\/wp-content\/uploads\/2025\/05\/folhas-equalfood-b2b-9.png\" class=\"bwdfg-popup-image\">\n\t\t\t\t\t\t\t\t\t\t\t<div class=\"bwdfg-filter-heading bwdfg-filter-img-title\">Pak-Choi<\/div>\n\t\t\t\t\t\t\t\t\t\t<\/a>\n\t\t\t\t\t\t\t\t\t<\/div>\n\t\t\t\t\t\t\t\t<\/div>\n\t\t\t\t\t\t\t<\/div>\n\t\t\t\t\t\t<\/div>\n\t\t\t\t\t\t\t\t\t\t\t<\/div>\n\t\t\t\t<\/div>\n\t\t\t<\/div>\n\t\t\t\t\t\t<\/div>\n\t\t\t\t<\/div>\n\t\t\t\t\t<\/div>\n\t\t<\/div>\n\t\t\t\t\t<\/div>\n\t\t<\/section>\n\t\t\t\t<\/div>","protected":false},"excerpt":{"rendered":"<p>Salada Ib\u00e9rica Coentros R\u00facula Aneto Cebolinho Espinafre Baby Alecrim Tomilho Salsa Hortel\u00e3 Manjeric\u00e3o Pak-Choi<\/p>","protected":false},"author":1,"featured_media":28161,"parent":0,"menu_order":0,"comment_status":"closed","ping_status":"closed","template":"","meta":{"footnotes":"","_links_to":"","_links_to_target":""},"class_list":["post-27265","page","type-page","status-publish","has-post-thumbnail","hentry"],"yoast_head":"<!-- This site is optimized with the Yoast SEO plugin v26.9 - https:\/\/yoast.com\/product\/yoast-seo-wordpress\/ -->\n<title>Folhas e ervas frescas para profissionais \u2014 Equal Food<\/title>\n<meta name=\"description\" content=\"Espinafres, manjeric\u00e3o, coentros, hortel\u00e3, salsa, r\u00facula e mais. Sele\u00e7\u00e3o de folhas e ervas frescas com qualidade para profissionais.\" \/>\n<meta name=\"robots\" content=\"index, follow, max-snippet:-1, max-image-preview:large, max-video-preview:-1\" \/>\n<link rel=\"canonical\" href=\"https:\/\/equalfood.biz\/en\/folhas\/\" \/>\n<meta property=\"og:locale\" content=\"en_GB\" \/>\n<meta property=\"og:type\" content=\"article\" \/>\n<meta property=\"og:title\" content=\"Folhas e ervas frescas para profissionais \u2014 Equal Food\" \/>\n<meta property=\"og:description\" content=\"Espinafres, manjeric\u00e3o, coentros, hortel\u00e3, salsa, r\u00facula e mais. Sele\u00e7\u00e3o de folhas e ervas frescas com qualidade para profissionais.\" \/>\n<meta property=\"og:url\" content=\"https:\/\/equalfood.biz\/en\/folhas\/\" \/>\n<meta property=\"og:site_name\" content=\"Equal Food\" \/>\n<meta property=\"article:publisher\" content=\"https:\/\/www.facebook.com\/equalfood.co\/\" \/>\n<meta property=\"article:modified_time\" content=\"2025-08-13T07:55:20+00:00\" \/>\n<meta property=\"og:image\" content=\"https:\/\/equalfood.biz\/wp-content\/uploads\/2025\/05\/categorias-equalfood-5-1.png\" \/>\n\t<meta property=\"og:image:width\" content=\"630\" \/>\n\t<meta property=\"og:image:height\" content=\"630\" \/>\n\t<meta property=\"og:image:type\" content=\"image\/png\" \/>\n<meta name=\"twitter:card\" content=\"summary_large_image\" \/>\n<meta name=\"twitter:label1\" content=\"Estimated reading time\" \/>\n\t<meta name=\"twitter:data1\" content=\"3 minutes\" \/>\n<script type=\"application\/ld+json\" class=\"yoast-schema-graph\">{\"@context\":\"https:\/\/schema.org\",\"@graph\":[{\"@type\":\"WebPage\",\"@id\":\"https:\/\/equalfood.biz\/folhas\/\",\"url\":\"https:\/\/equalfood.biz\/folhas\/\",\"name\":\"Folhas e ervas frescas para profissionais \u2014 Equal Food\",\"isPartOf\":{\"@id\":\"https:\/\/equalfood.biz\/#website\"},\"primaryImageOfPage\":{\"@id\":\"https:\/\/equalfood.biz\/folhas\/#primaryimage\"},\"image\":{\"@id\":\"https:\/\/equalfood.biz\/folhas\/#primaryimage\"},\"thumbnailUrl\":\"https:\/\/equalfood.biz\/wp-content\/uploads\/2025\/05\/categorias-equalfood-5-1.png\",\"datePublished\":\"2025-05-08T08:54:45+00:00\",\"dateModified\":\"2025-08-13T07:55:20+00:00\",\"description\":\"Espinafres, manjeric\u00e3o, coentros, hortel\u00e3, salsa, r\u00facula e mais. Sele\u00e7\u00e3o de folhas e ervas frescas com qualidade para profissionais.\",\"breadcrumb\":{\"@id\":\"https:\/\/equalfood.biz\/folhas\/#breadcrumb\"},\"inLanguage\":\"en-GB\",\"potentialAction\":[{\"@type\":\"ReadAction\",\"target\":[\"https:\/\/equalfood.biz\/folhas\/\"]}]},{\"@type\":\"ImageObject\",\"inLanguage\":\"en-GB\",\"@id\":\"https:\/\/equalfood.biz\/folhas\/#primaryimage\",\"url\":\"https:\/\/equalfood.biz\/wp-content\/uploads\/2025\/05\/categorias-equalfood-5-1.png\",\"contentUrl\":\"https:\/\/equalfood.biz\/wp-content\/uploads\/2025\/05\/categorias-equalfood-5-1.png\",\"width\":630,\"height\":630,\"caption\":\"Folhas\"},{\"@type\":\"BreadcrumbList\",\"@id\":\"https:\/\/equalfood.biz\/folhas\/#breadcrumb\",\"itemListElement\":[{\"@type\":\"ListItem\",\"position\":1,\"name\":\"In\u00edcio\",\"item\":\"https:\/\/equalfood.biz\/\"},{\"@type\":\"ListItem\",\"position\":2,\"name\":\"Folhas\"}]},{\"@type\":\"WebSite\",\"@id\":\"https:\/\/equalfood.biz\/#website\",\"url\":\"https:\/\/equalfood.biz\/\",\"name\":\"Equal Food\",\"description\":\"Build for Kitchens\",\"publisher\":{\"@id\":\"https:\/\/equalfood.biz\/#organization\"},\"potentialAction\":[{\"@type\":\"SearchAction\",\"target\":{\"@type\":\"EntryPoint\",\"urlTemplate\":\"https:\/\/equalfood.biz\/?s={search_term_string}\"},\"query-input\":{\"@type\":\"PropertyValueSpecification\",\"valueRequired\":true,\"valueName\":\"search_term_string\"}}],\"inLanguage\":\"en-GB\"},{\"@type\":\"Organization\",\"@id\":\"https:\/\/equalfood.biz\/#organization\",\"name\":\"Equal Food\",\"url\":\"https:\/\/equalfood.biz\/\",\"logo\":{\"@type\":\"ImageObject\",\"inLanguage\":\"en-GB\",\"@id\":\"https:\/\/equalfood.biz\/#\/schema\/logo\/image\/\",\"url\":\"https:\/\/equalfood.biz\/wp-content\/uploads\/2025\/07\/Equal-Food-Biz-scaled-e1753785234342.png\",\"contentUrl\":\"https:\/\/equalfood.biz\/wp-content\/uploads\/2025\/07\/Equal-Food-Biz-scaled-e1753785234342.png\",\"width\":1500,\"height\":548,\"caption\":\"Equal Food\"},\"image\":{\"@id\":\"https:\/\/equalfood.biz\/#\/schema\/logo\/image\/\"},\"sameAs\":[\"https:\/\/www.facebook.com\/equalfood.co\/\",\"https:\/\/www.instagram.com\/equal.food\/\",\"https:\/\/www.tiktok.com\/@equal_food\"]}]}<\/script>\n<!-- \/ Yoast SEO plugin. -->","yoast_head_json":{"title":"Folhas e ervas frescas para profissionais \u2014 Equal Food","description":"Espinafres, manjeric\u00e3o, coentros, hortel\u00e3, salsa, r\u00facula e mais. Sele\u00e7\u00e3o de folhas e ervas frescas com qualidade para profissionais.","robots":{"index":"index","follow":"follow","max-snippet":"max-snippet:-1","max-image-preview":"max-image-preview:large","max-video-preview":"max-video-preview:-1"},"canonical":"https:\/\/equalfood.biz\/en\/folhas\/","og_locale":"en_GB","og_type":"article","og_title":"Folhas e ervas frescas para profissionais \u2014 Equal Food","og_description":"Espinafres, manjeric\u00e3o, coentros, hortel\u00e3, salsa, r\u00facula e mais. Sele\u00e7\u00e3o de folhas e ervas frescas com qualidade para profissionais.","og_url":"https:\/\/equalfood.biz\/en\/folhas\/","og_site_name":"Equal Food","article_publisher":"https:\/\/www.facebook.com\/equalfood.co\/","article_modified_time":"2025-08-13T07:55:20+00:00","og_image":[{"width":630,"height":630,"url":"https:\/\/equalfood.biz\/wp-content\/uploads\/2025\/05\/categorias-equalfood-5-1.png","type":"image\/png"}],"twitter_card":"summary_large_image","twitter_misc":{"Estimated reading time":"3 minutes"},"schema":{"@context":"https:\/\/schema.org","@graph":[{"@type":"WebPage","@id":"https:\/\/equalfood.biz\/folhas\/","url":"https:\/\/equalfood.biz\/folhas\/","name":"Folhas e ervas frescas para profissionais \u2014 Equal Food","isPartOf":{"@id":"https:\/\/equalfood.biz\/#website"},"primaryImageOfPage":{"@id":"https:\/\/equalfood.biz\/folhas\/#primaryimage"},"image":{"@id":"https:\/\/equalfood.biz\/folhas\/#primaryimage"},"thumbnailUrl":"https:\/\/equalfood.biz\/wp-content\/uploads\/2025\/05\/categorias-equalfood-5-1.png","datePublished":"2025-05-08T08:54:45+00:00","dateModified":"2025-08-13T07:55:20+00:00","description":"Espinafres, manjeric\u00e3o, coentros, hortel\u00e3, salsa, r\u00facula e mais. Sele\u00e7\u00e3o de folhas e ervas frescas com qualidade para profissionais.","breadcrumb":{"@id":"https:\/\/equalfood.biz\/folhas\/#breadcrumb"},"inLanguage":"en-GB","potentialAction":[{"@type":"ReadAction","target":["https:\/\/equalfood.biz\/folhas\/"]}]},{"@type":"ImageObject","inLanguage":"en-GB","@id":"https:\/\/equalfood.biz\/folhas\/#primaryimage","url":"https:\/\/equalfood.biz\/wp-content\/uploads\/2025\/05\/categorias-equalfood-5-1.png","contentUrl":"https:\/\/equalfood.biz\/wp-content\/uploads\/2025\/05\/categorias-equalfood-5-1.png","width":630,"height":630,"caption":"Folhas"},{"@type":"BreadcrumbList","@id":"https:\/\/equalfood.biz\/folhas\/#breadcrumb","itemListElement":[{"@type":"ListItem","position":1,"name":"In\u00edcio","item":"https:\/\/equalfood.biz\/"},{"@type":"ListItem","position":2,"name":"Folhas"}]},{"@type":"WebSite","@id":"https:\/\/equalfood.biz\/#website","url":"https:\/\/equalfood.biz\/","name":"Equal Food","description":"Build for Kitchens","publisher":{"@id":"https:\/\/equalfood.biz\/#organization"},"potentialAction":[{"@type":"SearchAction","target":{"@type":"EntryPoint","urlTemplate":"https:\/\/equalfood.biz\/?s={search_term_string}"},"query-input":{"@type":"PropertyValueSpecification","valueRequired":true,"valueName":"search_term_string"}}],"inLanguage":"en-GB"},{"@type":"Organization","@id":"https:\/\/equalfood.biz\/#organization","name":"Equal Food","url":"https:\/\/equalfood.biz\/","logo":{"@type":"ImageObject","inLanguage":"en-GB","@id":"https:\/\/equalfood.biz\/#\/schema\/logo\/image\/","url":"https:\/\/equalfood.biz\/wp-content\/uploads\/2025\/07\/Equal-Food-Biz-scaled-e1753785234342.png","contentUrl":"https:\/\/equalfood.biz\/wp-content\/uploads\/2025\/07\/Equal-Food-Biz-scaled-e1753785234342.png","width":1500,"height":548,"caption":"Equal Food"},"image":{"@id":"https:\/\/equalfood.biz\/#\/schema\/logo\/image\/"},"sameAs":["https:\/\/www.facebook.com\/equalfood.co\/","https:\/\/www.instagram.com\/equal.food\/","https:\/\/www.tiktok.com\/@equal_food"]}]}},"_links":{"self":[{"href":"https:\/\/equalfood.biz\/en\/wp-json\/wp\/v2\/pages\/27265","targetHints":{"allow":["GET"]}}],"collection":[{"href":"https:\/\/equalfood.biz\/en\/wp-json\/wp\/v2\/pages"}],"about":[{"href":"https:\/\/equalfood.biz\/en\/wp-json\/wp\/v2\/types\/page"}],"author":[{"embeddable":true,"href":"https:\/\/equalfood.biz\/en\/wp-json\/wp\/v2\/users\/1"}],"replies":[{"embeddable":true,"href":"https:\/\/equalfood.biz\/en\/wp-json\/wp\/v2\/comments?post=27265"}],"version-history":[{"count":25,"href":"https:\/\/equalfood.biz\/en\/wp-json\/wp\/v2\/pages\/27265\/revisions"}],"predecessor-version":[{"id":31003,"href":"https:\/\/equalfood.biz\/en\/wp-json\/wp\/v2\/pages\/27265\/revisions\/31003"}],"wp:featuredmedia":[{"embeddable":true,"href":"https:\/\/equalfood.biz\/en\/wp-json\/wp\/v2\/media\/28161"}],"wp:attachment":[{"href":"https:\/\/equalfood.biz\/en\/wp-json\/wp\/v2\/media?parent=27265"}],"curies":[{"name":"wp","href":"https:\/\/api.w.org\/{rel}","templated":true}]}}